{"id":31,"date":"2024-12-18T18:24:42","date_gmt":"2024-12-18T15:24:42","guid":{"rendered":"https:\/\/setajel.com.tr\/?page_id=31"},"modified":"2024-12-18T18:25:11","modified_gmt":"2024-12-18T15:25:11","slug":"sisen-jeller","status":"publish","type":"page","link":"https:\/\/setajel.com.tr\/index.php\/sisen-jeller\/","title":{"rendered":"\u015ei\u015fen Jeller"},"content":{"rendered":"<section  class='av_textblock_section av-28yv7-1d20aa44996bd39dbc9c1e2f6ef29f15 '   itemscope=\"itemscope\" itemtype=\"https:\/\/schema.org\/CreativeWork\" ><div class='avia_textblock'  itemprop=\"text\" ><p><strong>\u015ei\u015fen Jeller<\/strong><\/p>\n<p>Hem e\u011firme hatlar\u0131nda hem de k\u0131l\u0131f alt\u0131nda fiber optik kablolarda kullan\u0131lmak \u00fczere geli\u015ftirilmi\u015f, su ile temas halinde \u015fi\u015fen kablo dolgu jelidir. Fiber kablolardaki t\u00fcm bile\u015fenlerle uyumludur ve sistemdeki su ve nemin ilerlemesine kar\u015f\u0131 dayan\u0131kl\u0131 olarak sistemi korur.<\/p>\n<\/div><\/section>\n<div  class='hr av-l78yamzx-fd50f9393ebee3a81a2ec48f8f873e7e hr-default  avia-builder-el-1  el_after_av_textblock  el_before_av_gallery '><span class='hr-inner '><span class=\"hr-inner-style\"><\/span><\/span><\/div>\n\n<style type=\"text\/css\" data-created_by=\"avia_inline_auto\" id=\"style-css-av-l77p1a7h-1080f5cd4bd3276b31501db3e7c5e9b5\">\n#top .avia-gallery.av-l77p1a7h-1080f5cd4bd3276b31501db3e7c5e9b5 .avia-gallery-thumb a{\nwidth:25%;\n}\n<\/style>\n<div  class='avia-gallery av-l77p1a7h-1080f5cd4bd3276b31501db3e7c5e9b5 avia_animate_when_visible  avia-builder-el-2  el_after_av_hr  avia-builder-el-last  avia_lazyload avia-gallery-animate avia-gallery-1'  itemprop=\"image\" itemscope=\"itemscope\" itemtype=\"https:\/\/schema.org\/ImageObject\" ><meta itemprop=\"contentURL\" content=\"https:\/\/setajel.com.tr\/index.php\/sisen-jeller\/\"><div class='avia-gallery-thumb'><a href=\"https:\/\/setajel.com.tr\/wp-content\/uploads\/2024\/12\/sisen-jeller-2-1.jpg\" data-rel='gallery-1' data-prev-img='https:\/\/setajel.com.tr\/wp-content\/uploads\/2024\/12\/sisen-jeller-2-1.jpg' class='first_thumb lightbox ' data-onclick='1' title='sisen-jeller-2'  itemprop=\"thumbnailUrl\"  ><img decoding=\"async\" class=\"wp-image-33 avia-img-lazy-loading-not-33\"   src=\"https:\/\/setajel.com.tr\/wp-content\/uploads\/2024\/12\/sisen-jeller-2-1.jpg\" width=\"400\" height=\"400\"  title='sisen-jeller-2' alt='' \/><div class='big-prev-fake'><img loading=\"lazy\" decoding=\"async\" class=\"wp-image-33 avia-img-lazy-loading-33\"  width=\"400\" height=\"400\" src=\"https:\/\/setajel.com.tr\/wp-content\/uploads\/2024\/12\/sisen-jeller-2-1.jpg\" title='sisen-jeller-2' alt='' \/><\/div><\/a><a href=\"https:\/\/setajel.com.tr\/wp-content\/uploads\/2024\/12\/sisen-jeller-1-1.jpg\" data-rel='gallery-1' data-prev-img='https:\/\/setajel.com.tr\/wp-content\/uploads\/2024\/12\/sisen-jeller-1-1.jpg' class='lightbox ' data-onclick='2' title='sisen-jeller-1'  itemprop=\"thumbnailUrl\"  ><img decoding=\"async\" class=\"wp-image-34 avia-img-lazy-loading-not-34\"   src=\"https:\/\/setajel.com.tr\/wp-content\/uploads\/2024\/12\/sisen-jeller-1-1.jpg\" width=\"400\" height=\"400\"  title='sisen-jeller-1' alt='' \/><div class='big-prev-fake'><img loading=\"lazy\" decoding=\"async\" class=\"wp-image-34 avia-img-lazy-loading-34\"  width=\"400\" height=\"400\" src=\"https:\/\/setajel.com.tr\/wp-content\/uploads\/2024\/12\/sisen-jeller-1-1.jpg\" title='sisen-jeller-1' alt='' \/><\/div><\/a><\/div><\/div>\n","protected":false},"excerpt":{"rendered":"","protected":false},"author":1,"featured_media":0,"parent":0,"menu_order":0,"comment_status":"closed","ping_status":"closed","template":"","meta":{"footnotes":""},"class_list":["post-31","page","type-page","status-publish","hentry"],"_links":{"self":[{"href":"https:\/\/setajel.com.tr\/index.php\/wp-json\/wp\/v2\/pages\/31","targetHints":{"allow":["GET"]}}],"collection":[{"href":"https:\/\/setajel.com.tr\/index.php\/wp-json\/wp\/v2\/pages"}],"about":[{"href":"https:\/\/setajel.com.tr\/index.php\/wp-json\/wp\/v2\/types\/page"}],"author":[{"embeddable":true,"href":"https:\/\/setajel.com.tr\/index.php\/wp-json\/wp\/v2\/users\/1"}],"replies":[{"embeddable":true,"href":"https:\/\/setajel.com.tr\/index.php\/wp-json\/wp\/v2\/comments?post=31"}],"version-history":[{"count":2,"href":"https:\/\/setajel.com.tr\/index.php\/wp-json\/wp\/v2\/pages\/31\/revisions"}],"predecessor-version":[{"id":35,"href":"https:\/\/setajel.com.tr\/index.php\/wp-json\/wp\/v2\/pages\/31\/revisions\/35"}],"wp:attachment":[{"href":"https:\/\/setajel.com.tr\/index.php\/wp-json\/wp\/v2\/media?parent=31"}],"curies":[{"name":"wp","href":"https:\/\/api.w.org\/{rel}","templated":true}]}}