{"id":36,"date":"2024-12-18T18:26:05","date_gmt":"2024-12-18T15:26:05","guid":{"rendered":"https:\/\/setajel.com.tr\/?page_id=36"},"modified":"2024-12-18T18:26:44","modified_gmt":"2024-12-18T15:26:44","slug":"wax-tipi-jeller","status":"publish","type":"page","link":"https:\/\/setajel.com.tr\/index.php\/wax-tipi-jeller\/","title":{"rendered":"Wax Tipi Jeller"},"content":{"rendered":"<section  class='av_textblock_section av-89l2-9c515f11f4f332e2ab9cd352f6f60154 '   itemscope=\"itemscope\" itemtype=\"https:\/\/schema.org\/CreativeWork\" ><div class='avia_textblock'  itemprop=\"text\" ><p><strong>Wax Tipi Jeller<\/strong><\/p>\n<p>Mineral hidrokarbon esasl\u0131 Dolgu Jelleri; polimer izolasyonlu ve bak\u0131r iletkenli haberle\u015fme kablolar\u0131nda su ve nem izolasyonu i\u00e7in \u00fcretilmi\u015ftir. Su itici ve esnek bir yap\u0131ya sahiptirler. doldurma jelleri farkl\u0131 s\u0131cakl\u0131klarda uygulanabilir ve kablo bile\u015fenleri ile uyumludur.<\/p>\n<\/div><\/section>\n<div  class='hr av-3laq-4f5d28ed2ea365f591d0748051229ef1 hr-default  avia-builder-el-1  el_after_av_textblock  el_before_av_gallery '><span class='hr-inner '><span class=\"hr-inner-style\"><\/span><\/span><\/div>\n\n<style type=\"text\/css\" data-created_by=\"avia_inline_auto\" id=\"style-css-av-l77ozjr5-a068e11e608b6d767fcc1d823976d2e5\">\n#top .avia-gallery.av-l77ozjr5-a068e11e608b6d767fcc1d823976d2e5 .avia-gallery-thumb a{\nwidth:25%;\n}\n<\/style>\n<div  class='avia-gallery av-l77ozjr5-a068e11e608b6d767fcc1d823976d2e5 avia_animate_when_visible  avia-builder-el-2  el_after_av_hr  avia-builder-el-last  avia_lazyload avia-gallery-animate avia-gallery-1'  itemprop=\"image\" itemscope=\"itemscope\" itemtype=\"https:\/\/schema.org\/ImageObject\" ><meta itemprop=\"contentURL\" content=\"https:\/\/setajel.com.tr\/index.php\/wax-tipi-jeller\/\"><div class='avia-gallery-thumb'><a href=\"https:\/\/setajel.com.tr\/wp-content\/uploads\/2024\/12\/wax-tipi-jel-1-1.jpg\" data-rel='gallery-1' data-prev-img='https:\/\/setajel.com.tr\/wp-content\/uploads\/2024\/12\/wax-tipi-jel-1-1.jpg' class='first_thumb lightbox ' data-onclick='1' title='wax-tipi-jel-1'  itemprop=\"thumbnailUrl\"  ><img decoding=\"async\" class=\"wp-image-38 avia-img-lazy-loading-not-38\"   src=\"https:\/\/setajel.com.tr\/wp-content\/uploads\/2024\/12\/wax-tipi-jel-1-1.jpg\" width=\"400\" height=\"400\"  title='wax-tipi-jel-1' alt='' \/><div class='big-prev-fake'><img loading=\"lazy\" decoding=\"async\" class=\"wp-image-38 avia-img-lazy-loading-38\"  width=\"400\" height=\"400\" src=\"https:\/\/setajel.com.tr\/wp-content\/uploads\/2024\/12\/wax-tipi-jel-1-1.jpg\" title='wax-tipi-jel-1' alt='' \/><\/div><\/a><a href=\"https:\/\/setajel.com.tr\/wp-content\/uploads\/2024\/12\/wax-tipi-jel-2-1.jpg\" data-rel='gallery-1' data-prev-img='https:\/\/setajel.com.tr\/wp-content\/uploads\/2024\/12\/wax-tipi-jel-2-1.jpg' class='lightbox ' data-onclick='2' title='wax-tipi-jel-2'  itemprop=\"thumbnailUrl\"  ><img decoding=\"async\" class=\"wp-image-39 avia-img-lazy-loading-not-39\"   src=\"https:\/\/setajel.com.tr\/wp-content\/uploads\/2024\/12\/wax-tipi-jel-2-1.jpg\" width=\"400\" height=\"400\"  title='wax-tipi-jel-2' alt='' \/><div class='big-prev-fake'><img loading=\"lazy\" decoding=\"async\" class=\"wp-image-39 avia-img-lazy-loading-39\"  width=\"400\" height=\"400\" src=\"https:\/\/setajel.com.tr\/wp-content\/uploads\/2024\/12\/wax-tipi-jel-2-1.jpg\" title='wax-tipi-jel-2' alt='' \/><\/div><\/a><\/div><\/div>\n","protected":false},"excerpt":{"rendered":"","protected":false},"author":1,"featured_media":0,"parent":0,"menu_order":0,"comment_status":"closed","ping_status":"closed","template":"","meta":{"footnotes":""},"class_list":["post-36","page","type-page","status-publish","hentry"],"_links":{"self":[{"href":"https:\/\/setajel.com.tr\/index.php\/wp-json\/wp\/v2\/pages\/36","targetHints":{"allow":["GET"]}}],"collection":[{"href":"https:\/\/setajel.com.tr\/index.php\/wp-json\/wp\/v2\/pages"}],"about":[{"href":"https:\/\/setajel.com.tr\/index.php\/wp-json\/wp\/v2\/types\/page"}],"author":[{"embeddable":true,"href":"https:\/\/setajel.com.tr\/index.php\/wp-json\/wp\/v2\/users\/1"}],"replies":[{"embeddable":true,"href":"https:\/\/setajel.com.tr\/index.php\/wp-json\/wp\/v2\/comments?post=36"}],"version-history":[{"count":2,"href":"https:\/\/setajel.com.tr\/index.php\/wp-json\/wp\/v2\/pages\/36\/revisions"}],"predecessor-version":[{"id":40,"href":"https:\/\/setajel.com.tr\/index.php\/wp-json\/wp\/v2\/pages\/36\/revisions\/40"}],"wp:attachment":[{"href":"https:\/\/setajel.com.tr\/index.php\/wp-json\/wp\/v2\/media?parent=36"}],"curies":[{"name":"wp","href":"https:\/\/api.w.org\/{rel}","templated":true}]}}